{"id":709,"date":"2018-09-15T10:56:40","date_gmt":"2018-09-15T10:56:40","guid":{"rendered":"http:\/\/ituza.insigniawpthemes.co.in\/car-service\/?page_id=709"},"modified":"2020-09-08T17:53:26","modified_gmt":"2020-09-08T17:53:26","slug":"contacto","status":"publish","type":"page","link":"http:\/\/www.bocalimentos.com\/index.php\/contacto\/","title":{"rendered":"Contacto"},"content":{"rendered":"<p>[vc_row full_width=&#8221;stretch_row&#8221;][vc_column][vc_empty_space height=&#8221;70px&#8221;][vc_row_inner equal_height=&#8221;yes&#8221; content_placement=&#8221;middle&#8221;][vc_column_inner width=&#8221;1\/2&#8243;]<div id='ins-heading-69f2ab6436fc2' class='section-heading ins-heading text-left default    '  style='margin-top:0; margin-bottom:20px'><h4 class='section-heading-title margin-10px-top  default letter-spacing-1'>Av. Ocampo 729 Zona Centro 22000 Tijuana, B.C.<\/h4><\/div><script type=\"text\/javascript\">\n\t\t(function(jQuery) {jQuery(\"head\").append(\"<style>#ins-heading-69f2ab6436fc2 h4 {color: #003e6a;}<\/style>\")\n\t\t\t\t\t})(jQuery);\n\t\t\t\t\t\t<\/script><div id='ins-heading-69f2ab6436ff0' class='section-heading ins-heading text-left default    '  style='margin-top:0; margin-bottom:10px'><h5 class='section-heading-title margin-10px-top  font-weight-400 letter-spacing-1'>Email: info@bocalimentos.com<\/h5><\/div><script type=\"text\/javascript\">\n\t\t(function(jQuery) {\n\t\t\t\t\t})(jQuery);\n\t\t\t\t\t\t<\/script><div id='ins-heading-69f2ab643700e' class='section-heading ins-heading text-left default    '  style='margin-top:0; margin-bottom:20px'><h5 class='section-heading-title margin-10px-top  font-weight-400 letter-spacing-1'>Tel\u00e9fono: (664) 638-4429<\/h5><\/div><script type=\"text\/javascript\">\n\t\t(function(jQuery) {\n\t\t\t\t\t})(jQuery);\n\t\t\t\t\t\t<\/script>[vc_column_text]<\/p>\n<p class=\"text-medium\">Ponte en contacto por el medio que m\u00e1s te convenga y con gusto agendaremos una cita para conocer tus necesidades y dise\u00f1ar una experiencia de hospitalidad a la medida.<\/p>\n<p>[\/vc_column_text]<div class=\"ins-social-icons social-icons-regular social-icons-colorful icon-colored social-icons-colored social-icons-circle social-icons-effect-slideup icons-align-left  \" ><a href=\"#\" class=\"social icon-facebook icon-hover-slideup\" target=\"_blank\"><i class=\"fa fa-facebook icon-primary\"><\/i><i class=\"fa fa-facebook icon-secondary\"><\/i><\/a><a href=\"#\" class=\"social icon-linkedin icon-hover-slideup\" target=\"_blank\"><i class=\"fa fa-linkedin icon-primary\"><\/i><i class=\"fa fa-linkedin icon-secondary\"><\/i><\/a><a href=\"#\" class=\"social icon-instagram icon-hover-slideup\" target=\"_blank\"><i class=\"fa fa-instagram icon-primary\"><\/i><i class=\"fa fa-instagram icon-secondary\"><\/i><\/a><\/div>[\/vc_column_inner][vc_column_inner width=&#8221;1\/2&#8243;]<div role=\"form\" class=\"wpcf7\" id=\"wpcf7-f654-o1\" lang=\"en\" dir=\"ltr\">\n<div class=\"screen-reader-response\"><p role=\"status\" aria-live=\"polite\" aria-atomic=\"true\"><\/p> <ul><\/ul><\/div>\n<form action=\"\/index.php\/wp-json\/wp\/v2\/pages\/709#wpcf7-f654-o1\" method=\"post\" class=\"wpcf7-form init\" novalidate=\"novalidate\" data-status=\"init\">\n<div style=\"display: none;\">\n<input type=\"hidden\" name=\"_wpcf7\" value=\"654\" \/>\n<input type=\"hidden\" name=\"_wpcf7_version\" value=\"5.3\" \/>\n<input type=\"hidden\" name=\"_wpcf7_locale\" value=\"en\" \/>\n<input type=\"hidden\" name=\"_wpcf7_unit_tag\" value=\"wpcf7-f654-o1\" \/>\n<input type=\"hidden\" name=\"_wpcf7_container_post\" value=\"0\" \/>\n<input type=\"hidden\" name=\"_wpcf7_posted_data_hash\" value=\"\" \/>\n<\/div>\n<div class=\"full-width-cf ins-contact-form\">\n<div class=\"ins-contact-form-field\"><span class=\"wpcf7-form-control-wrap your-name\"><input type=\"text\" name=\"your-name\" value=\"\" size=\"40\" class=\"wpcf7-form-control wpcf7-text wpcf7-validates-as-required\" aria-required=\"true\" aria-invalid=\"false\" placeholder=\"Nombre completo*\" \/><\/span><\/div>\n<div class=\"ins-contact-form-field\"><span class=\"wpcf7-form-control-wrap your-email\"><input type=\"email\" name=\"your-email\" value=\"\" size=\"40\" class=\"wpcf7-form-control wpcf7-text wpcf7-email wpcf7-validates-as-required wpcf7-validates-as-email\" aria-required=\"true\" aria-invalid=\"false\" placeholder=\"Correo*\" \/><\/span><\/div>\n<div class=\"ins-contact-form-field\"><span class=\"wpcf7-form-control-wrap your-subject\"><input type=\"text\" name=\"your-subject\" value=\"\" size=\"40\" class=\"wpcf7-form-control wpcf7-text\" aria-invalid=\"false\" placeholder=\"Asunto\" \/><\/span> <\/div>\n<div class=\"ins-contact-form-field\"><span class=\"wpcf7-form-control-wrap your-message\"><textarea name=\"your-message\" cols=\"40\" rows=\"4\" class=\"wpcf7-form-control wpcf7-textarea\" aria-invalid=\"false\" placeholder=\"Mensaje\"><\/textarea><\/span><\/div>\n<div class=\"ins-contact-form-field\"><input type=\"submit\" value=\"Enviar\" class=\"wpcf7-form-control wpcf7-submit\" \/><\/div>\n<\/div>\n<div class=\"wpcf7-response-output\" aria-hidden=\"true\"><\/div><\/form><\/div>[\/vc_column_inner][\/vc_row_inner][vc_empty_space height=&#8221;100px&#8221;][\/vc_column][\/vc_row][vc_row full_width=&#8221;stretch_row_content_no_spaces&#8221;][vc_column]\t\n\t \t \n\t<script type=\"text\/javascript\">\n\t\n\tjQuery(document).ready(function() {\n\t\n\t\t'use strict';\n\t\t\n\t\t\t\t\n\t\t\/\/ Map Coordination\n\t\t\n\t\tvar latlng = new google.maps.LatLng(32.5351639,-117.0320918);\n\t\t\n\t\t\/\/ Map Options\n\n\t\tvar myOptions = {\n\t\t\tzoom: 14,\n\t\t\tcenter: latlng,\n\t\t\tmapTypeId: google.maps.MapTypeId.ROADMAP,\n\t\t\tdisableDefaultUI: false,\n\t\t\tmapTypeControl: false,\n\t\t\tscrollwheel: false,\n\t\t\tstyles: [{\"featureType\":\"water\",\"elementType\":\"geometry\",\"stylers\":[{\"color\":\"#e9e9e9\"},{\"lightness\":17}]},{\"featureType\":\"landscape\",\"elementType\":\"geometry\",\"stylers\":[{\"color\":\"#f5f5f5\"},{\"lightness\":20}]},{\"featureType\":\"road.highway\",\"elementType\":\"geometry.fill\",\"stylers\":[{\"color\":\"#ffffff\"},{\"lightness\":17}]},{\"featureType\":\"road.highway\",\"elementType\":\"geometry.stroke\",\"stylers\":[{\"color\":\"#ffffff\"},{\"lightness\":29},{\"weight\":0.2}]},{\"featureType\":\"road.arterial\",\"elementType\":\"geometry\",\"stylers\":[{\"color\":\"#ffffff\"},{\"lightness\":18}]},{\"featureType\":\"road.local\",\"elementType\":\"geometry\",\"stylers\":[{\"color\":\"#ffffff\"},{\"lightness\":16}]},{\"featureType\":\"poi\",\"elementType\":\"geometry\",\"stylers\":[{\"color\":\"#f5f5f5\"},{\"lightness\":21}]},{\"featureType\":\"poi.park\",\"elementType\":\"geometry\",\"stylers\":[{\"color\":\"#dedede\"},{\"lightness\":21}]},{\"elementType\":\"labels.text.stroke\",\"stylers\":[{\"visibility\":\"on\"},{\"color\":\"#ffffff\"},{\"lightness\":16}]},{\"elementType\":\"labels.text.fill\",\"stylers\":[{\"saturation\":36},{\"color\":\"#333333\"},{\"lightness\":40}]},{\"elementType\":\"labels.icon\",\"stylers\":[{\"visibility\":\"off\"}]},{\"featureType\":\"transit\",\"elementType\":\"geometry\",\"stylers\":[{\"color\":\"#f2f2f2\"},{\"lightness\":19}]},{\"featureType\":\"administrative\",\"elementType\":\"geometry.fill\",\"stylers\":[{\"color\":\"#fefefe\"},{\"lightness\":20}]},{\"featureType\":\"administrative\",\"elementType\":\"geometry.stroke\",\"stylers\":[{\"color\":\"#fefefe\"},{\"lightness\":17},{\"weight\":1.2}]}]\t\t};\n\n\t\tvar map = new google.maps.Map( document.getElementById('google-map-9509' ), myOptions);\n        var marker = new google.maps.Marker({\n          position: latlng,\n          map: map\n        });\n\n\t});\n\t\n\t<\/script>\n\t\n\t<div class=\"insignia-gmap map-skin-light hidden_info_panel  \" >\t\n\t\n\t<div id=\"google-map-9509\" style=\"height:550px;\"><\/div>\n\t    \n\t<\/div>\n\n\t[\/vc_column][\/vc_row][vc_row][vc_column][vc_empty_space height=&#8221;90px&#8221;][vc_row_inner][vc_column_inner width=&#8221;1\/6&#8243;][\/vc_column_inner][vc_column_inner width=&#8221;2\/3&#8243;]<div id='ins-heading-69f2ab643817d' class='section-heading ins-heading text-center default    ins-animated fadeInUp'  style='margin-top:0; margin-bottom:25px'><h6 class='section-heading-subtitle margin-0px-bottom text-medium letter-spacing-3 default'>ESTAMOS LISTOS<\/h6><h2 class='section-heading-title margin-10px-top  default letter-spacing-1'>Sabemos c\u00f3mo ayudarte<\/h2><\/div><script type=\"text\/javascript\">\n\t\t(function(jQuery) {jQuery(\"head\").append(\"<style>#ins-heading-69f2ab643817d h2 {color: #003e6a;}#ins-heading-69f2ab643817d .section-heading-subtitle {color: #ef463b;}<\/style>\")\n\t\t\t\t\t})(jQuery);\n\t\t\t\t\t\t<\/script>[vc_custom_heading text=&#8221;Cada empresa tiene distintas maneras de consentir a sus colaboradores, nosotros sabemos c\u00f3mo acompa\u00f1arte dise\u00f1ando una soluci\u00f3n a la medida.&#8221; font_container=&#8221;tag:p|font_size:18px|text_align:center|line_height:30px&#8221; use_theme_fonts=&#8221;yes&#8221;]<div id='ins-button-69f2ab64381e0' class='ins-button-wrapper text-center 40px   ins-animated fadeInUp' data-animation-delay=200><a class='ins-button title-font letter-spacing-1 text-white pc-border pc-bg btn-radius-default font-weight-600 btn-medium text-uppercase ' href='#'  target='_self'><span>Iniciemos un proyecto<\/span><\/a><\/div><script type=\"text\/javascript\">\n\t\t(function(jQuery) {jQuery(\"head\").append(\"<style>#ins-button-69f2ab64381e0 .ins-button {color: #ffffff;}#ins-button-69f2ab64381e0 .ins-button:hover {color: #ffffff;}#ins-button-69f2ab64381e0 .ins-button {background-color: #ef463b;}#ins-button-69f2ab64381e0 .ins-button:hover {background-color: #000000;}#ins-button-69f2ab64381e0 .ins-button {border-color: #ef463b;}#ins-button-69f2ab64381e0 .ins-button:hover {border-color: #000000;}#ins-button-69f2ab64381e0.ins-button-wrapper {margin-top: 40px;}<\/style>\")\n\t\t\t\t\t})(jQuery);\n\t\t\t\t\t\t<\/script>[\/vc_column_inner][vc_column_inner width=&#8221;1\/6&#8243;][\/vc_column_inner][\/vc_row_inner][vc_empty_space height=&#8221;60px&#8221;][\/vc_column][\/vc_row]<\/p>\n","protected":false},"excerpt":{"rendered":"<p>[vc_row full_width=&#8221;stretch_row&#8221;][vc_column][vc_empty_space height=&#8221;70px&#8221;][vc_row_inner equal_height=&#8221;yes&#8221; content_placement=&#8221;middle&#8221;][vc_column_inner width=&#8221;1\/2&#8243;][vc_column_text] Ponte en contacto por el medio que m\u00e1s te convenga y con gusto agendaremos [&hellip;]<\/p>\n","protected":false},"author":1,"featured_media":0,"parent":0,"menu_order":0,"comment_status":"closed","ping_status":"closed","template":"","meta":[],"_links":{"self":[{"href":"http:\/\/www.bocalimentos.com\/index.php\/wp-json\/wp\/v2\/pages\/709"}],"collection":[{"href":"http:\/\/www.bocalimentos.com\/index.php\/wp-json\/wp\/v2\/pages"}],"about":[{"href":"http:\/\/www.bocalimentos.com\/index.php\/wp-json\/wp\/v2\/types\/page"}],"author":[{"embeddable":true,"href":"http:\/\/www.bocalimentos.com\/index.php\/wp-json\/wp\/v2\/users\/1"}],"replies":[{"embeddable":true,"href":"http:\/\/www.bocalimentos.com\/index.php\/wp-json\/wp\/v2\/comments?post=709"}],"version-history":[{"count":3,"href":"http:\/\/www.bocalimentos.com\/index.php\/wp-json\/wp\/v2\/pages\/709\/revisions"}],"predecessor-version":[{"id":1712,"href":"http:\/\/www.bocalimentos.com\/index.php\/wp-json\/wp\/v2\/pages\/709\/revisions\/1712"}],"wp:attachment":[{"href":"http:\/\/www.bocalimentos.com\/index.php\/wp-json\/wp\/v2\/media?parent=709"}],"curies":[{"name":"wp","href":"https:\/\/api.w.org\/{rel}","templated":true}]}}